{"id":13139,"date":"2023-07-05T19:08:31","date_gmt":"2023-07-05T17:08:31","guid":{"rendered":"https:\/\/aoneprinters.fr\/?post_type=product&#038;p=13139"},"modified":"2023-07-07T19:04:58","modified_gmt":"2023-07-07T17:04:58","slug":"impression-vinyl","status":"publish","type":"product","link":"https:\/\/aoneprinters.fr\/index.php\/product\/impression-vinyl\/","title":{"rendered":"Impression Vinyl"},"content":{"rendered":"","protected":false},"excerpt":{"rendered":"<p>L&#8217;impression sur vinyle fait r\u00e9f\u00e9rence \u00e0 l&#8217;impression sur des rouleaux de vinyle ou de PVC auto-adh\u00e9sifs pour la production de graphiques d&#8217;affichage, de d\u00e9calcomanies de v\u00e9hicules, d&#8217;autocollants et d&#8217;\u00e9tiquettes.<\/p>\n<h4>Size : 100cm x 100cm<\/h4>\n","protected":false},"featured_media":13143,"comment_status":"open","ping_status":"closed","template":"","meta":[],"product_cat":[105,103,65],"product_tag":[],"class_list":{"0":"post-13139","1":"product","2":"type-product","3":"status-publish","4":"has-post-thumbnail","6":"product_cat-others","7":"product_cat-poster","8":"product_cat-advertising-business","10":"first","11":"instock","12":"taxable","13":"shipping-taxable","14":"purchasable","15":"product-type-simple"},"_links":{"self":[{"href":"https:\/\/aoneprinters.fr\/index.php\/wp-json\/wp\/v2\/product\/13139","targetHints":{"allow":["GET"]}}],"collection":[{"href":"https:\/\/aoneprinters.fr\/index.php\/wp-json\/wp\/v2\/product"}],"about":[{"href":"https:\/\/aoneprinters.fr\/index.php\/wp-json\/wp\/v2\/types\/product"}],"replies":[{"embeddable":true,"href":"https:\/\/aoneprinters.fr\/index.php\/wp-json\/wp\/v2\/comments?post=13139"}],"wp:featuredmedia":[{"embeddable":true,"href":"https:\/\/aoneprinters.fr\/index.php\/wp-json\/wp\/v2\/media\/13143"}],"wp:attachment":[{"href":"https:\/\/aoneprinters.fr\/index.php\/wp-json\/wp\/v2\/media?parent=13139"}],"wp:term":[{"taxonomy":"product_cat","embeddable":true,"href":"https:\/\/aoneprinters.fr\/index.php\/wp-json\/wp\/v2\/product_cat?post=13139"},{"taxonomy":"product_tag","embeddable":true,"href":"https:\/\/aoneprinters.fr\/index.php\/wp-json\/wp\/v2\/product_tag?post=13139"}],"curies":[{"name":"wp","href":"https:\/\/api.w.org\/{rel}","templated":true}]}}