{"id":13125,"date":"2023-07-05T17:28:52","date_gmt":"2023-07-05T15:28:52","guid":{"rendered":"https:\/\/aoneprinters.fr\/?post_type=product&#038;p=13125"},"modified":"2025-10-07T21:17:28","modified_gmt":"2025-10-07T19:17:28","slug":"id-photo-print","status":"publish","type":"product","link":"https:\/\/aoneprinters.fr\/index.php\/product\/id-photo-print\/","title":{"rendered":"ID Photo"},"content":{"rendered":"","protected":false},"excerpt":{"rendered":"<p>Logiciel professionnel de photos d&#8217;identit\u00e9 pour les studios photo et les utilisateurs \u00e0 domicile : pr\u00e9parez et imprimez des photos d&#8217;identit\u00e9 de haute qualit\u00e9 avec Passport Photo Maker.<\/p>\n<h4>Size : 35mm x 45mm<br \/>\n8 Frames<\/h4>\n","protected":false},"featured_media":13132,"comment_status":"open","ping_status":"closed","template":"","meta":[],"product_cat":[105,65,66],"product_tag":[],"class_list":{"0":"post-13125","1":"product","2":"type-product","3":"status-publish","4":"has-post-thumbnail","6":"product_cat-others","7":"product_cat-advertising-business","8":"product_cat-business-cards","10":"first","11":"instock","12":"taxable","13":"shipping-taxable","14":"purchasable","15":"product-type-simple"},"_links":{"self":[{"href":"https:\/\/aoneprinters.fr\/index.php\/wp-json\/wp\/v2\/product\/13125","targetHints":{"allow":["GET"]}}],"collection":[{"href":"https:\/\/aoneprinters.fr\/index.php\/wp-json\/wp\/v2\/product"}],"about":[{"href":"https:\/\/aoneprinters.fr\/index.php\/wp-json\/wp\/v2\/types\/product"}],"replies":[{"embeddable":true,"href":"https:\/\/aoneprinters.fr\/index.php\/wp-json\/wp\/v2\/comments?post=13125"}],"wp:featuredmedia":[{"embeddable":true,"href":"https:\/\/aoneprinters.fr\/index.php\/wp-json\/wp\/v2\/media\/13132"}],"wp:attachment":[{"href":"https:\/\/aoneprinters.fr\/index.php\/wp-json\/wp\/v2\/media?parent=13125"}],"wp:term":[{"taxonomy":"product_cat","embeddable":true,"href":"https:\/\/aoneprinters.fr\/index.php\/wp-json\/wp\/v2\/product_cat?post=13125"},{"taxonomy":"product_tag","embeddable":true,"href":"https:\/\/aoneprinters.fr\/index.php\/wp-json\/wp\/v2\/product_tag?post=13125"}],"curies":[{"name":"wp","href":"https:\/\/api.w.org\/{rel}","templated":true}]}}