{"id":13022,"date":"2023-06-30T16:42:48","date_gmt":"2023-06-30T14:42:48","guid":{"rendered":"https:\/\/aoneprinters.fr\/?post_type=product&#038;p=13022"},"modified":"2025-10-07T23:26:24","modified_gmt":"2025-10-07T21:26:24","slug":"sublimation-frame","status":"publish","type":"product","link":"https:\/\/aoneprinters.fr\/index.php\/product\/sublimation-frame\/","title":{"rendered":"Sublimation Frame"},"content":{"rendered":"","protected":false},"excerpt":{"rendered":"<p>Personnalisez vos photos \u00e0 l&#8217;aide de cadres photo pr\u00eats pour la sublimation thermique et de votre syst\u00e8me d&#8217;impression.<\/p>\n","protected":false},"featured_media":13026,"comment_status":"open","ping_status":"closed","template":"","meta":[],"product_cat":[58,69,62],"product_tag":[],"class_list":{"0":"post-13022","1":"product","2":"type-product","3":"status-publish","4":"has-post-thumbnail","6":"product_cat-accessories","7":"product_cat-photo-frames","8":"product_cat-home-living","10":"first","11":"instock","12":"taxable","13":"shipping-taxable","14":"purchasable","15":"product-type-variable"},"_links":{"self":[{"href":"https:\/\/aoneprinters.fr\/index.php\/wp-json\/wp\/v2\/product\/13022","targetHints":{"allow":["GET"]}}],"collection":[{"href":"https:\/\/aoneprinters.fr\/index.php\/wp-json\/wp\/v2\/product"}],"about":[{"href":"https:\/\/aoneprinters.fr\/index.php\/wp-json\/wp\/v2\/types\/product"}],"replies":[{"embeddable":true,"href":"https:\/\/aoneprinters.fr\/index.php\/wp-json\/wp\/v2\/comments?post=13022"}],"wp:featuredmedia":[{"embeddable":true,"href":"https:\/\/aoneprinters.fr\/index.php\/wp-json\/wp\/v2\/media\/13026"}],"wp:attachment":[{"href":"https:\/\/aoneprinters.fr\/index.php\/wp-json\/wp\/v2\/media?parent=13022"}],"wp:term":[{"taxonomy":"product_cat","embeddable":true,"href":"https:\/\/aoneprinters.fr\/index.php\/wp-json\/wp\/v2\/product_cat?post=13022"},{"taxonomy":"product_tag","embeddable":true,"href":"https:\/\/aoneprinters.fr\/index.php\/wp-json\/wp\/v2\/product_tag?post=13022"}],"curies":[{"name":"wp","href":"https:\/\/api.w.org\/{rel}","templated":true}]}}