{"id":12979,"date":"2023-06-29T19:37:16","date_gmt":"2023-06-29T17:37:16","guid":{"rendered":"https:\/\/aoneprinters.fr\/?post_type=product&#038;p=12979"},"modified":"2025-10-07T17:06:51","modified_gmt":"2025-10-07T15:06:51","slug":"photo-frame","status":"publish","type":"product","link":"https:\/\/aoneprinters.fr\/index.php\/product\/photo-frame\/","title":{"rendered":"Photo Frame"},"content":{"rendered":"","protected":false},"excerpt":{"rendered":"<p>Imprimez des cadres photo con\u00e7us par des professionnels en ligne sur Printo. Cr\u00e9ez, concevez et imprimez des cadres photo personnalis\u00e9s\u00a0avec votre photo.<\/p>\n","protected":false},"featured_media":13008,"comment_status":"open","ping_status":"closed","template":"","meta":[],"product_cat":[58,69,62],"product_tag":[],"class_list":{"0":"post-12979","1":"product","2":"type-product","3":"status-publish","4":"has-post-thumbnail","6":"product_cat-accessories","7":"product_cat-photo-frames","8":"product_cat-home-living","10":"first","11":"instock","12":"taxable","13":"shipping-taxable","14":"purchasable","15":"product-type-variable"},"_links":{"self":[{"href":"https:\/\/aoneprinters.fr\/index.php\/wp-json\/wp\/v2\/product\/12979","targetHints":{"allow":["GET"]}}],"collection":[{"href":"https:\/\/aoneprinters.fr\/index.php\/wp-json\/wp\/v2\/product"}],"about":[{"href":"https:\/\/aoneprinters.fr\/index.php\/wp-json\/wp\/v2\/types\/product"}],"replies":[{"embeddable":true,"href":"https:\/\/aoneprinters.fr\/index.php\/wp-json\/wp\/v2\/comments?post=12979"}],"wp:featuredmedia":[{"embeddable":true,"href":"https:\/\/aoneprinters.fr\/index.php\/wp-json\/wp\/v2\/media\/13008"}],"wp:attachment":[{"href":"https:\/\/aoneprinters.fr\/index.php\/wp-json\/wp\/v2\/media?parent=12979"}],"wp:term":[{"taxonomy":"product_cat","embeddable":true,"href":"https:\/\/aoneprinters.fr\/index.php\/wp-json\/wp\/v2\/product_cat?post=12979"},{"taxonomy":"product_tag","embeddable":true,"href":"https:\/\/aoneprinters.fr\/index.php\/wp-json\/wp\/v2\/product_tag?post=12979"}],"curies":[{"name":"wp","href":"https:\/\/api.w.org\/{rel}","templated":true}]}}