{"id":12724,"date":"2023-06-12T22:36:40","date_gmt":"2023-06-12T20:36:40","guid":{"rendered":"https:\/\/aoneprinters.fr\/?post_type=product&#038;p=12724"},"modified":"2025-10-07T17:49:02","modified_gmt":"2025-10-07T15:49:02","slug":"flyers-basic","status":"publish","type":"product","link":"https:\/\/aoneprinters.fr\/index.php\/product\/flyers-basic\/","title":{"rendered":"Flyers"},"content":{"rendered":"","protected":false},"excerpt":{"rendered":"<p>Un d\u00e9pliant (ou d\u00e9pliant) est une forme de publicit\u00e9 papier destin\u00e9e \u00e0 une large diffusion et g\u00e9n\u00e9ralement affich\u00e9e ou distribu\u00e9e dans un lieu public, remise \u00e0 des particuliers ou envoy\u00e9e par la poste.<\/p>\n","protected":false},"featured_media":12731,"comment_status":"open","ping_status":"closed","template":"","meta":[],"product_cat":[88,65],"product_tag":[],"class_list":{"0":"post-12724","1":"product","2":"type-product","3":"status-publish","4":"has-post-thumbnail","6":"product_cat-flyers","7":"product_cat-advertising-business","9":"first","10":"instock","11":"taxable","12":"shipping-taxable","13":"purchasable","14":"product-type-variable"},"_links":{"self":[{"href":"https:\/\/aoneprinters.fr\/index.php\/wp-json\/wp\/v2\/product\/12724","targetHints":{"allow":["GET"]}}],"collection":[{"href":"https:\/\/aoneprinters.fr\/index.php\/wp-json\/wp\/v2\/product"}],"about":[{"href":"https:\/\/aoneprinters.fr\/index.php\/wp-json\/wp\/v2\/types\/product"}],"replies":[{"embeddable":true,"href":"https:\/\/aoneprinters.fr\/index.php\/wp-json\/wp\/v2\/comments?post=12724"}],"wp:featuredmedia":[{"embeddable":true,"href":"https:\/\/aoneprinters.fr\/index.php\/wp-json\/wp\/v2\/media\/12731"}],"wp:attachment":[{"href":"https:\/\/aoneprinters.fr\/index.php\/wp-json\/wp\/v2\/media?parent=12724"}],"wp:term":[{"taxonomy":"product_cat","embeddable":true,"href":"https:\/\/aoneprinters.fr\/index.php\/wp-json\/wp\/v2\/product_cat?post=12724"},{"taxonomy":"product_tag","embeddable":true,"href":"https:\/\/aoneprinters.fr\/index.php\/wp-json\/wp\/v2\/product_tag?post=12724"}],"curies":[{"name":"wp","href":"https:\/\/api.w.org\/{rel}","templated":true}]}}