{"id":12540,"date":"2023-06-05T18:53:32","date_gmt":"2023-06-05T16:53:32","guid":{"rendered":"https:\/\/aoneprinters.fr\/?page_id=12540"},"modified":"2023-06-05T19:02:27","modified_gmt":"2023-06-05T17:02:27","slug":"clause-de-non-responsabilite","status":"publish","type":"page","link":"https:\/\/aoneprinters.fr\/index.php\/clause-de-non-responsabilite\/","title":{"rendered":"Clause de Non-responsabilit\u00e9"},"content":{"rendered":"\t\t<div data-elementor-type=\"wp-page\" data-elementor-id=\"12540\" class=\"elementor elementor-12540\">\n\t\t\t\t<div class=\"elementor-element elementor-element-86e7d95 e-flex e-con-boxed e-con e-parent\" data-id=\"86e7d95\" data-element_type=\"container\" data-settings=\"{&quot;content_width&quot;:&quot;boxed&quot;}\" data-core-v316-plus=\"true\">\n\t\t\t\t\t<div class=\"e-con-inner\">\n\t\t\t\t<div class=\"elementor-element elementor-element-e774442 elementor-widget elementor-widget-heading\" data-id=\"e774442\" data-element_type=\"widget\" data-widget_type=\"heading.default\">\n\t\t\t\t<div class=\"elementor-widget-container\">\n\t\t\t<style>\/*! elementor - v3.19.0 - 28-02-2024 *\/\n.elementor-heading-title{padding:0;margin:0;line-height:1}.elementor-widget-heading .elementor-heading-title[class*=elementor-size-]>a{color:inherit;font-size:inherit;line-height:inherit}.elementor-widget-heading .elementor-heading-title.elementor-size-small{font-size:15px}.elementor-widget-heading .elementor-heading-title.elementor-size-medium{font-size:19px}.elementor-widget-heading .elementor-heading-title.elementor-size-large{font-size:29px}.elementor-widget-heading .elementor-heading-title.elementor-size-xl{font-size:39px}.elementor-widget-heading .elementor-heading-title.elementor-size-xxl{font-size:59px}<\/style><h2 class=\"elementor-heading-title elementor-size-default\">Clause de Non-responsabilit\u00e9<\/h2>\t\t<\/div>\n\t\t\t\t<\/div>\n\t\t\t\t\t<\/div>\n\t\t\t\t<\/div>\n\t\t<div class=\"elementor-element elementor-element-d3ec4b9 e-flex e-con-boxed e-con e-parent\" data-id=\"d3ec4b9\" data-element_type=\"container\" data-settings=\"{&quot;content_width&quot;:&quot;boxed&quot;}\" data-core-v316-plus=\"true\">\n\t\t\t\t\t<div class=\"e-con-inner\">\n\t\t<div class=\"elementor-element elementor-element-5418a02 e-con-full e-flex e-con e-parent\" data-id=\"5418a02\" data-element_type=\"container\" data-settings=\"{&quot;content_width&quot;:&quot;full&quot;}\" data-core-v316-plus=\"true\">\n\t\t\t\t<div class=\"elementor-element elementor-element-f682faa elementor-widget elementor-widget-image\" data-id=\"f682faa\" data-element_type=\"widget\" data-widget_type=\"image.default\">\n\t\t\t\t<div class=\"elementor-widget-container\">\n\t\t\t<style>\/*! elementor - v3.19.0 - 28-02-2024 *\/\n.elementor-widget-image{text-align:center}.elementor-widget-image a{display:inline-block}.elementor-widget-image a img[src$=\".svg\"]{width:48px}.elementor-widget-image img{vertical-align:middle;display:inline-block}<\/style>\t\t\t\t\t\t\t\t\t\t<img fetchpriority=\"high\" decoding=\"async\" width=\"612\" height=\"612\" src=\"https:\/\/aoneprinters.fr\/wp-content\/uploads\/2023\/06\/istockphoto-1327035633-612x612-1.jpg\" class=\"attachment-large size-large wp-image-12545\" alt=\"\" srcset=\"https:\/\/aoneprinters.fr\/wp-content\/uploads\/2023\/06\/istockphoto-1327035633-612x612-1.jpg 612w, https:\/\/aoneprinters.fr\/wp-content\/uploads\/2023\/06\/istockphoto-1327035633-612x612-1-300x300.jpg 300w, https:\/\/aoneprinters.fr\/wp-content\/uploads\/2023\/06\/istockphoto-1327035633-612x612-1-150x150.jpg 150w, https:\/\/aoneprinters.fr\/wp-content\/uploads\/2023\/06\/istockphoto-1327035633-612x612-1-600x600.jpg 600w\" sizes=\"(max-width: 612px) 100vw, 612px\" \/>\t\t\t\t\t\t\t\t\t\t\t\t\t<\/div>\n\t\t\t\t<\/div>\n\t\t\t\t<\/div>\n\t\t<div class=\"elementor-element elementor-element-8f630c1 e-con-full e-flex e-con e-parent\" data-id=\"8f630c1\" data-element_type=\"container\" data-settings=\"{&quot;content_width&quot;:&quot;full&quot;}\" data-core-v316-plus=\"true\">\n\t\t\t\t<div class=\"elementor-element elementor-element-5ff83c3 elementor-widget elementor-widget-text-editor\" data-id=\"5ff83c3\" data-element_type=\"widget\" data-widget_type=\"text-editor.default\">\n\t\t\t\t<div class=\"elementor-widget-container\">\n\t\t\t<style>\/*! elementor - v3.19.0 - 28-02-2024 *\/\n.elementor-widget-text-editor.elementor-drop-cap-view-stacked .elementor-drop-cap{background-color:#69727d;color:#fff}.elementor-widget-text-editor.elementor-drop-cap-view-framed .elementor-drop-cap{color:#69727d;border:3px solid;background-color:transparent}.elementor-widget-text-editor:not(.elementor-drop-cap-view-default) .elementor-drop-cap{margin-top:8px}.elementor-widget-text-editor:not(.elementor-drop-cap-view-default) .elementor-drop-cap-letter{width:1em;height:1em}.elementor-widget-text-editor .elementor-drop-cap{float:left;text-align:center;line-height:1;font-size:50px}.elementor-widget-text-editor .elementor-drop-cap-letter{display:inline-block}<\/style>\t\t\t\t<h5>Clause de non-responsabilit\u00e9 pour aoneprinters.fr<\/h5><p>Si vous avez besoin de plus d&#8217;informations ou si vous avez des questions sur la clause de non-responsabilit\u00e9 de notre site, n&#8217;h\u00e9sitez pas \u00e0 nous contacter par e-mail \u00e0 aoneprinters18@gmail.com. Notre clause de non-responsabilit\u00e9 a \u00e9t\u00e9 g\u00e9n\u00e9r\u00e9e \u00e0 l&#8217;aide du mod\u00e8le de clause de non-responsabilit\u00e9.<\/p><h5>Clauses de non-responsabilit\u00e9 pour aoneprinters.fr<\/h5><p>Toutes les informations sur ce site &#8211; https:\/\/aoneprinters.fr\/ &#8211; sont publi\u00e9es de bonne foi et \u00e0 titre d&#8217;information g\u00e9n\u00e9rale uniquement. aoneprinters.fr ne donne aucune garantie quant \u00e0 l&#8217;exhaustivit\u00e9, la fiabilit\u00e9 et l&#8217;exactitude de ces informations. Toute action que vous entreprenez sur les informations que vous trouvez sur ce site (aoneprinters.fr), est strictement \u00e0 vos risques et p\u00e9rils. aoneprinters.fr ne sera pas responsable des pertes et\/ou dommages li\u00e9s \u00e0 l&#8217;utilisation de notre site Web.<\/p><p>\u00c0 partir de notre site Web, vous pouvez visiter d&#8217;autres sites Web en suivant des hyperliens vers ces sites externes. Bien que nous nous efforcions de ne proposer que des liens de qualit\u00e9 vers des sites utiles et \u00e9thiques, nous n&#8217;avons aucun contr\u00f4le sur le contenu et la nature de ces sites. Ces liens vers d&#8217;autres sites Web n&#8217;impliquent pas une recommandation pour tout le contenu trouv\u00e9 sur ces sites. Les propri\u00e9taires et le contenu du site peuvent changer sans pr\u00e9avis et peuvent survenir avant que nous ayons la possibilit\u00e9 de supprimer un lien qui aurait pu devenir \u00ab\u00a0mauvais\u00a0\u00bb.<\/p><p>\u00a0<\/p>\t\t\t\t\t\t<\/div>\n\t\t\t\t<\/div>\n\t\t\t\t<\/div>\n\t\t\t\t\t<\/div>\n\t\t\t\t<\/div>\n\t\t<div class=\"elementor-element elementor-element-fa12d85 e-flex e-con-boxed e-con e-parent\" data-id=\"fa12d85\" data-element_type=\"container\" data-settings=\"{&quot;content_width&quot;:&quot;boxed&quot;}\" data-core-v316-plus=\"true\">\n\t\t\t\t\t<div class=\"e-con-inner\">\n\t\t\t\t<div class=\"elementor-element elementor-element-990362f elementor-widget elementor-widget-text-editor\" data-id=\"990362f\" data-element_type=\"widget\" data-widget_type=\"text-editor.default\">\n\t\t\t\t<div class=\"elementor-widget-container\">\n\t\t\t\t\t\t\t<p>Sachez \u00e9galement que lorsque vous quittez notre site Web, d&#8217;autres sites peuvent avoir des politiques et des conditions de confidentialit\u00e9 diff\u00e9rentes qui \u00e9chappent \u00e0 notre contr\u00f4le. Assurez-vous de v\u00e9rifier les politiques de confidentialit\u00e9 de ces sites ainsi que leurs &#8220;Conditions d&#8217;utilisation&#8221; avant de vous engager dans une entreprise ou de t\u00e9l\u00e9charger des informations.<\/p><h5>Consentement<\/h5><p>En utilisant notre site Web, vous consentez par la pr\u00e9sente \u00e0 notre clause de non-responsabilit\u00e9 et acceptez ses conditions.<\/p><h5>Mise \u00e0 jour<\/h5><p>Si nous mettons \u00e0 jour, modifions ou apportons des changements \u00e0 ce document, ces changements seront affich\u00e9s en \u00e9vidence ici.<\/p>\t\t\t\t\t\t<\/div>\n\t\t\t\t<\/div>\n\t\t\t\t<div class=\"elementor-element elementor-element-7a94447 elementor-widget elementor-widget-spacer\" data-id=\"7a94447\" data-element_type=\"widget\" data-widget_type=\"spacer.default\">\n\t\t\t\t<div class=\"elementor-widget-container\">\n\t\t\t<style>\/*! elementor - v3.19.0 - 28-02-2024 *\/\n.elementor-column .elementor-spacer-inner{height:var(--spacer-size)}.e-con{--container-widget-width:100%}.e-con-inner>.elementor-widget-spacer,.e-con>.elementor-widget-spacer{width:var(--container-widget-width,var(--spacer-size));--align-self:var(--container-widget-align-self,initial);--flex-shrink:0}.e-con-inner>.elementor-widget-spacer>.elementor-widget-container,.e-con>.elementor-widget-spacer>.elementor-widget-container{height:100%;width:100%}.e-con-inner>.elementor-widget-spacer>.elementor-widget-container>.elementor-spacer,.e-con>.elementor-widget-spacer>.elementor-widget-container>.elementor-spacer{height:100%}.e-con-inner>.elementor-widget-spacer>.elementor-widget-container>.elementor-spacer>.elementor-spacer-inner,.e-con>.elementor-widget-spacer>.elementor-widget-container>.elementor-spacer>.elementor-spacer-inner{height:var(--container-widget-height,var(--spacer-size))}.e-con-inner>.elementor-widget-spacer.elementor-widget-empty,.e-con>.elementor-widget-spacer.elementor-widget-empty{position:relative;min-height:22px;min-width:22px}.e-con-inner>.elementor-widget-spacer.elementor-widget-empty .elementor-widget-empty-icon,.e-con>.elementor-widget-spacer.elementor-widget-empty .elementor-widget-empty-icon{position:absolute;top:0;bottom:0;left:0;right:0;margin:auto;padding:0;width:22px;height:22px}<\/style>\t\t<div class=\"elementor-spacer\">\n\t\t\t<div class=\"elementor-spacer-inner\"><\/div>\n\t\t<\/div>\n\t\t\t\t<\/div>\n\t\t\t\t<\/div>\n\t\t\t\t\t<\/div>\n\t\t\t\t<\/div>\n\t\t\t\t<\/div>\n\t\t","protected":false},"excerpt":{"rendered":"<p>Clause de Non-responsabilit\u00e9 Clause de non-responsabilit\u00e9 pour aoneprinters.fr Si vous avez besoin de plus d&#8217;informations ou si vous avez des questions sur la clause de non-responsabilit\u00e9 de notre site, n&#8217;h\u00e9sitez pas \u00e0 nous contacter par e-mail \u00e0 aoneprinters18@gmail.com. Notre clause de non-responsabilit\u00e9 a \u00e9t\u00e9 g\u00e9n\u00e9r\u00e9e \u00e0 l&#8217;aide du mod\u00e8le de clause de non-responsabilit\u00e9. Clauses de [&hellip;]<\/p>\n","protected":false},"author":1,"featured_media":0,"parent":0,"menu_order":0,"comment_status":"closed","ping_status":"closed","template":"","meta":{"two_page_speed":[],"footnotes":""},"class_list":["post-12540","page","type-page","status-publish","hentry"],"_links":{"self":[{"href":"https:\/\/aoneprinters.fr\/index.php\/wp-json\/wp\/v2\/pages\/12540","targetHints":{"allow":["GET"]}}],"collection":[{"href":"https:\/\/aoneprinters.fr\/index.php\/wp-json\/wp\/v2\/pages"}],"about":[{"href":"https:\/\/aoneprinters.fr\/index.php\/wp-json\/wp\/v2\/types\/page"}],"author":[{"embeddable":true,"href":"https:\/\/aoneprinters.fr\/index.php\/wp-json\/wp\/v2\/users\/1"}],"replies":[{"embeddable":true,"href":"https:\/\/aoneprinters.fr\/index.php\/wp-json\/wp\/v2\/comments?post=12540"}],"version-history":[{"count":5,"href":"https:\/\/aoneprinters.fr\/index.php\/wp-json\/wp\/v2\/pages\/12540\/revisions"}],"predecessor-version":[{"id":12549,"href":"https:\/\/aoneprinters.fr\/index.php\/wp-json\/wp\/v2\/pages\/12540\/revisions\/12549"}],"wp:attachment":[{"href":"https:\/\/aoneprinters.fr\/index.php\/wp-json\/wp\/v2\/media?parent=12540"}],"curies":[{"name":"wp","href":"https:\/\/api.w.org\/{rel}","templated":true}]}}