{"id":12524,"date":"2023-06-05T18:27:02","date_gmt":"2023-06-05T16:27:02","guid":{"rendered":"https:\/\/aoneprinters.fr\/?page_id=12524"},"modified":"2023-06-05T18:38:37","modified_gmt":"2023-06-05T16:38:37","slug":"termes-et-conditions","status":"publish","type":"page","link":"https:\/\/aoneprinters.fr\/index.php\/termes-et-conditions\/","title":{"rendered":"Termes et Conditions"},"content":{"rendered":"\t\t<div data-elementor-type=\"wp-page\" data-elementor-id=\"12524\" class=\"elementor elementor-12524\">\n\t\t\t\t<div class=\"elementor-element elementor-element-a65b133 e-flex e-con-boxed e-con e-parent\" data-id=\"a65b133\" data-element_type=\"container\" data-settings=\"{&quot;content_width&quot;:&quot;boxed&quot;}\" data-core-v316-plus=\"true\">\n\t\t\t\t\t<div class=\"e-con-inner\">\n\t\t\t\t<div class=\"elementor-element elementor-element-47d65c1 elementor-widget elementor-widget-heading\" data-id=\"47d65c1\" data-element_type=\"widget\" data-widget_type=\"heading.default\">\n\t\t\t\t<div class=\"elementor-widget-container\">\n\t\t\t<style>\/*! elementor - v3.19.0 - 28-02-2024 *\/\n.elementor-heading-title{padding:0;margin:0;line-height:1}.elementor-widget-heading .elementor-heading-title[class*=elementor-size-]>a{color:inherit;font-size:inherit;line-height:inherit}.elementor-widget-heading .elementor-heading-title.elementor-size-small{font-size:15px}.elementor-widget-heading .elementor-heading-title.elementor-size-medium{font-size:19px}.elementor-widget-heading .elementor-heading-title.elementor-size-large{font-size:29px}.elementor-widget-heading .elementor-heading-title.elementor-size-xl{font-size:39px}.elementor-widget-heading .elementor-heading-title.elementor-size-xxl{font-size:59px}<\/style><h2 class=\"elementor-heading-title elementor-size-default\">Termes et conditions g\u00e9n\u00e9rales<\/h2>\t\t<\/div>\n\t\t\t\t<\/div>\n\t\t\t\t\t<\/div>\n\t\t\t\t<\/div>\n\t\t<div class=\"elementor-element elementor-element-cd85794 e-flex e-con-boxed e-con e-parent\" data-id=\"cd85794\" data-element_type=\"container\" data-settings=\"{&quot;content_width&quot;:&quot;boxed&quot;}\" data-core-v316-plus=\"true\">\n\t\t\t\t\t<div class=\"e-con-inner\">\n\t\t<div class=\"elementor-element elementor-element-c489cf6 e-con-full e-flex e-con e-parent\" data-id=\"c489cf6\" data-element_type=\"container\" data-settings=\"{&quot;content_width&quot;:&quot;full&quot;}\" data-core-v316-plus=\"true\">\n\t\t\t\t<div class=\"elementor-element elementor-element-50a15ee elementor-widget elementor-widget-image\" data-id=\"50a15ee\" data-element_type=\"widget\" data-widget_type=\"image.default\">\n\t\t\t\t<div class=\"elementor-widget-container\">\n\t\t\t<style>\/*! elementor - v3.19.0 - 28-02-2024 *\/\n.elementor-widget-image{text-align:center}.elementor-widget-image a{display:inline-block}.elementor-widget-image a img[src$=\".svg\"]{width:48px}.elementor-widget-image img{vertical-align:middle;display:inline-block}<\/style>\t\t\t\t\t\t\t\t\t\t<img fetchpriority=\"high\" decoding=\"async\" width=\"533\" height=\"612\" src=\"https:\/\/aoneprinters.fr\/wp-content\/uploads\/2023\/06\/istockphoto-1314362635-612x612-1-e1685982580494.jpg\" class=\"attachment-large size-large wp-image-12527\" alt=\"\" srcset=\"https:\/\/aoneprinters.fr\/wp-content\/uploads\/2023\/06\/istockphoto-1314362635-612x612-1-e1685982580494.jpg 533w, https:\/\/aoneprinters.fr\/wp-content\/uploads\/2023\/06\/istockphoto-1314362635-612x612-1-e1685982580494-261x300.jpg 261w\" sizes=\"(max-width: 533px) 100vw, 533px\" \/>\t\t\t\t\t\t\t\t\t\t\t\t\t<\/div>\n\t\t\t\t<\/div>\n\t\t\t\t<\/div>\n\t\t<div class=\"elementor-element elementor-element-2558cc5 e-con-full e-flex e-con e-parent\" data-id=\"2558cc5\" data-element_type=\"container\" data-settings=\"{&quot;content_width&quot;:&quot;full&quot;}\" data-core-v316-plus=\"true\">\n\t\t\t\t<div class=\"elementor-element elementor-element-8af9252 elementor-widget elementor-widget-text-editor\" data-id=\"8af9252\" data-element_type=\"widget\" data-widget_type=\"text-editor.default\">\n\t\t\t\t<div class=\"elementor-widget-container\">\n\t\t\t<style>\/*! elementor - v3.19.0 - 28-02-2024 *\/\n.elementor-widget-text-editor.elementor-drop-cap-view-stacked .elementor-drop-cap{background-color:#69727d;color:#fff}.elementor-widget-text-editor.elementor-drop-cap-view-framed .elementor-drop-cap{color:#69727d;border:3px solid;background-color:transparent}.elementor-widget-text-editor:not(.elementor-drop-cap-view-default) .elementor-drop-cap{margin-top:8px}.elementor-widget-text-editor:not(.elementor-drop-cap-view-default) .elementor-drop-cap-letter{width:1em;height:1em}.elementor-widget-text-editor .elementor-drop-cap{float:left;text-align:center;line-height:1;font-size:50px}.elementor-widget-text-editor .elementor-drop-cap-letter{display:inline-block}<\/style>\t\t\t\t<p>Bienvenue sur aoneprinters.fr !<\/p><p>Les pr\u00e9sentes conditions g\u00e9n\u00e9rales d\u00e9crivent les r\u00e8gles et r\u00e8glements relatifs \u00e0 l&#8217;utilisation du site web de aoneprinters, situ\u00e9 \u00e0 l&#8217;adresse https:\/\/aoneprinters.fr\/.<\/p><p>En acc\u00e9dant \u00e0 ce site web, nous supposons que vous acceptez ces conditions g\u00e9n\u00e9rales. Ne continuez pas \u00e0 utiliser aoneprinters.fr si vous n&#8217;acceptez pas de prendre toutes les conditions g\u00e9n\u00e9rales \u00e9nonc\u00e9es sur cette page.<\/p><h4>Cookies :<\/h4><p>Le site web utilise des cookies pour aider \u00e0 personnaliser votre exp\u00e9rience en ligne. En acc\u00e9dant \u00e0 aoneprinters.fr, vous avez accept\u00e9 d&#8217;utiliser les cookies requis.<\/p><p>Un cookie est un fichier texte qui est plac\u00e9 sur votre disque dur par un serveur de pages web. Les cookies ne peuvent pas \u00eatre utilis\u00e9s pour ex\u00e9cuter des programmes ou transmettre des virus \u00e0 votre ordinateur. Les cookies vous sont attribu\u00e9s de mani\u00e8re unique et ne peuvent \u00eatre lus que par un serveur web du domaine qui vous a \u00e9mis le cookie.<\/p><p>Nous pouvons utiliser des cookies pour collecter, stocker et suivre des informations \u00e0 des fins statistiques ou marketing pour exploiter notre site web. Vous avez la possibilit\u00e9 d&#8217;accepter ou de refuser les Cookies facultatifs. Il existe certains Cookies obligatoires qui sont n\u00e9cessaires au fonctionnement de notre site web. Ces cookies ne n\u00e9cessitent pas votre consentement car ils fonctionnent toujours. N&#8217;oubliez pas qu&#8217;en acceptant les Cookies obligatoires, vous acceptez \u00e9galement les Cookies tiers, qui pourraient \u00eatre utilis\u00e9s via des services fournis par des tiers si vous utilisez ces services sur notre site web, par exemple, une fen\u00eatre d&#8217;affichage vid\u00e9o fournie par des tiers et int\u00e9gr\u00e9e \u00e0 notre site web.<\/p>\t\t\t\t\t\t<\/div>\n\t\t\t\t<\/div>\n\t\t\t\t<\/div>\n\t\t\t\t\t<\/div>\n\t\t\t\t<\/div>\n\t\t<div class=\"elementor-element elementor-element-b5604f8 e-flex e-con-boxed e-con e-parent\" data-id=\"b5604f8\" data-element_type=\"container\" data-settings=\"{&quot;content_width&quot;:&quot;boxed&quot;}\" data-core-v316-plus=\"true\">\n\t\t\t\t\t<div class=\"e-con-inner\">\n\t\t\t\t<div class=\"elementor-element elementor-element-1584a10 elementor-widget elementor-widget-text-editor\" data-id=\"1584a10\" data-element_type=\"widget\" data-widget_type=\"text-editor.default\">\n\t\t\t\t<div class=\"elementor-widget-container\">\n\t\t\t\t\t\t\t<h4>Licence :<\/h4><p>Sauf indication contraire, aoneprinters et\/ou ses conc\u00e9dants de licence d\u00e9tiennent les droits de propri\u00e9t\u00e9 intellectuelle de l&#8217;ensemble du mat\u00e9riel pr\u00e9sent sur aoneprinters.fr. Tous les droits de propri\u00e9t\u00e9 intellectuelle sont r\u00e9serv\u00e9s. Vous pouvez y acc\u00e9der \u00e0 partir de aoneprinters.fr pour votre usage personnel, sous r\u00e9serve des restrictions fix\u00e9es dans les pr\u00e9sentes conditions g\u00e9n\u00e9rales.<\/p><p>Vous ne devez pas :<\/p><ul><li>Copier ou republier des \u00e9l\u00e9ments provenant de aoneprinters.fr.<\/li><li>Vendre, louer ou conc\u00e9der une sous-licence pour le mat\u00e9riel provenant de aoneprinters.fr.<\/li><li>Reproduire, dupliquer ou copier le mat\u00e9riel provenant de aoneprinters.fr.<\/li><li>Redistribuer le contenu de aoneprinters.fr<\/li><\/ul><p>Le pr\u00e9sent accord prend effet \u00e0 la date des pr\u00e9sentes.<\/p><p>Certaines parties de ce site web offrent aux utilisateurs la possibilit\u00e9 de publier et d&#8217;\u00e9changer des opinions et des informations dans certaines zones du site web. aoneprinters ne filtre pas, n&#8217;\u00e9dite pas, ne publie pas et ne r\u00e9vise pas les commentaires avant leur pr\u00e9sence sur le site web. Les commentaires ne refl\u00e8tent pas les vues et opinions de aoneprinters, de ses agents et\/ou de ses affili\u00e9s. Les commentaires refl\u00e8tent les vues et opinions de la personne qui les publie. Dans la mesure o\u00f9 les lois applicables le permettent, aoneprinters ne peut \u00eatre tenu responsable des commentaires ou de toute responsabilit\u00e9, de tout dommage ou de toute d\u00e9pense caus\u00e9s et\/ou subis \u00e0 la suite de l&#8217;utilisation et\/ou de l&#8217;affichage et\/ou de l&#8217;apparition des commentaires sur ce site web.<\/p><p>aoneprinters se r\u00e9serve le droit de surveiller tous les commentaires et de supprimer tout commentaire qui peut \u00eatre consid\u00e9r\u00e9 comme inappropri\u00e9, offensant, ou qui entra\u00eene une violation des pr\u00e9sentes conditions g\u00e9n\u00e9rales.<\/p><p>Vous garantissez et d\u00e9clarez que :<\/p><ul><li>Vous avez le droit de publier les commentaires sur notre site web et disposez de toutes les licences et de tous les consentements n\u00e9cessaires pour le faire ;<\/li><li>Les commentaires n&#8217;envahissent aucun droit de propri\u00e9t\u00e9 intellectuelle, y compris, sans limitation, le droit d&#8217;auteur, le brevet ou la marque de commerce d&#8217;un tiers ;<\/li><li>Les Commentaires ne contiennent aucun \u00e9l\u00e9ment diffamatoire, calomnieux, offensant, ind\u00e9cent ou autrement ill\u00e9gal, constituant une atteinte \u00e0 la vie priv\u00e9e.<\/li><li>Les Commentaires ne seront pas utilis\u00e9s pour solliciter ou promouvoir des affaires ou des coutumes ou pr\u00e9senter des activit\u00e9s commerciales ou des activit\u00e9s ill\u00e9gales.<\/li><\/ul><p>Par la pr\u00e9sente, vous accordez \u00e0 aoneprinters une licence non exclusive pour utiliser, reproduire, \u00e9diter et autoriser d&#8217;autres personnes \u00e0 utiliser, reproduire et \u00e9diter n&#8217;importe lequel de vos commentaires sous toutes les formes, formats ou m\u00e9dias.<\/p><h4>L&#8217;\u00e9tablissement d&#8217;hyperliens vers notre contenu :<\/h4><p>Les organisations suivantes peuvent cr\u00e9er des liens vers notre site web sans autorisation \u00e9crite pr\u00e9alable :<\/p><ul><li>Les agences gouvernementales ;<\/li><li>Moteurs de recherche ;<\/li><li>Organismes de presse ;<\/li><li>Les distributeurs d&#8217;annuaires en ligne peuvent cr\u00e9er des liens vers notre site web de la m\u00eame mani\u00e8re qu&#8217;ils cr\u00e9ent des hyperliens vers les sites web d&#8217;autres entreprises r\u00e9pertori\u00e9es ; et&#8230;<\/li><li>Les entreprises accr\u00e9dit\u00e9es \u00e0 l&#8217;\u00e9chelle du syst\u00e8me, \u00e0 l&#8217;exception des organismes \u00e0 but non lucratif de sollicitation, des centres commerciaux de bienfaisance et des groupes de collecte de fonds de bienfaisance qui ne peuvent pas \u00e9tablir d&#8217;hyperlien vers notre site Web.<\/li><\/ul><p>Ces organisations peuvent cr\u00e9er des liens vers notre page d&#8217;accueil, vers des publications ou vers d&#8217;autres informations du site web, tant que le lien : (a) n&#8217;est en aucun cas trompeur ; (b) n&#8217;implique pas faussement le parrainage, l&#8217;approbation ou le soutien de la partie liante et de ses produits et\/ou services ; et (c) s&#8217;inscrit dans le contexte du site de la partie liante.<\/p><p>Nous pouvons prendre en consid\u00e9ration et approuver d&#8217;autres demandes de liens provenant des types d&#8217;organisations suivantes :<\/p><ul><li>les sources d&#8217;information commun\u00e9ment connues des consommateurs et\/ou des entreprises ;<\/li><li>les sites communautaires point.com ;<\/li><li>les associations ou autres groupes repr\u00e9sentant des organismes de bienfaisance ;<\/li><li>les distributeurs d&#8217;annuaires en ligne ;<\/li><li>les portails internet ;<\/li><li>les cabinets de comptabilit\u00e9, d&#8217;avocats et de consultants ; et<\/li><li>les \u00e9tablissements d&#8217;enseignement et les associations professionnelles.<\/li><\/ul><p>Nous approuverons les demandes de liens de ces organisations si nous d\u00e9cidons que : (a) le lien ne nous donnerait pas une image d\u00e9favorable de nous-m\u00eames ou de nos entreprises accr\u00e9dit\u00e9es ; (b) l&#8217;organisation n&#8217;a pas de dossier n\u00e9gatif avec nous ; (c) l&#8217;avantage que nous retirons de la visibilit\u00e9 de l&#8217;hyperlien compense l&#8217;absence de aoneprinters ; et (d) le lien s&#8217;inscrit dans le contexte d&#8217;informations g\u00e9n\u00e9rales sur les ressources.<\/p><p>Ces organisations peuvent \u00e9tablir un lien vers notre page d&#8217;accueil tant que le lien : (a) n&#8217;est en aucun cas trompeur ; (b) n&#8217;implique pas faussement le parrainage, l&#8217;approbation ou l&#8217;aval de la partie liante et de ses produits ou services ; et (c) s&#8217;inscrit dans le contexte du site de la partie liante.<\/p><p>Si vous \u00eates l&#8217;une des organisations \u00e9num\u00e9r\u00e9es au paragraphe 2 ci-dessus et que vous souhaitez cr\u00e9er un lien vers notre site web, vous devez nous en informer en envoyant un e-mail \u00e0 aoneprinters. Veuillez inclure votre nom, le nom de votre organisation, vos coordonn\u00e9es ainsi que l&#8217;URL de votre site, une liste de toutes les URL \u00e0 partir desquelles vous avez l&#8217;intention de cr\u00e9er un lien vers notre site web, et une liste des URL de notre site vers lesquelles vous souhaitez cr\u00e9er un lien. Attendez 2 \u00e0 3 semaines pour obtenir une r\u00e9ponse.<\/p><p>Les organisations approuv\u00e9es peuvent \u00e9tablir un hyperlien vers notre site web de la mani\u00e8re suivante :<\/p><ul><li>Par l&#8217;utilisation de notre d\u00e9nomination sociale ; ou<\/li><li>Par l&#8217;utilisation du localisateur de ressources uniforme vers lequel le lien est \u00e9tabli ; ou<\/li><li>Par l&#8217;utilisation de toute autre description de notre site web faisant l&#8217;objet d&#8217;un lien qui a du sens dans le contexte et le format du contenu du site web de la partie liante.<\/li><\/ul><p>Aucune utilisation du logo ou d&#8217;autres illustrations de aoneprinters ne sera autoris\u00e9e pour la cr\u00e9ation de liens en l&#8217;absence d&#8217;un accord de licence de marque.<\/p><h4>Responsabilit\u00e9 du contenu :<\/h4><p>Nous ne serons pas tenus responsables du contenu qui appara\u00eet sur votre site web. Vous acceptez de nous prot\u00e9ger et de nous d\u00e9fendre contre toutes les r\u00e9clamations qui sont soulev\u00e9es sur votre site web. Aucun lien ne doit appara\u00eetre sur un site web qui pourrait \u00eatre interpr\u00e9t\u00e9 comme diffamatoire, obsc\u00e8ne ou criminel, ou qui enfreint, viole de toute autre mani\u00e8re, ou pr\u00e9conise l&#8217;infraction ou toute autre violation des droits d&#8217;un tiers.<\/p><h4>R\u00e9serve de droits :<\/h4><p>Nous nous r\u00e9servons le droit de vous demander de supprimer tous les liens ou un lien particulier vers notre site web. Vous acceptez de retirer imm\u00e9diatement tous les liens vers notre site web sur demande. Nous nous r\u00e9servons \u00e9galement le droit de modifier \u00e0 tout moment les pr\u00e9sentes conditions g\u00e9n\u00e9rales et sa politique en mati\u00e8re de liens. En \u00e9tablissant continuellement des liens vers notre site web, vous acceptez d&#8217;\u00eatre li\u00e9 \u00e0 ces conditions g\u00e9n\u00e9rales de liaison et de les suivre.<\/p><h4>Suppression des liens de notre site web :<\/h4><p>Si vous trouvez un lien sur notre site web qui est offensant pour une raison quelconque, vous \u00eates libre de nous contacter et de nous informer \u00e0 tout moment. Nous examinerons les demandes de suppression de liens, mais nous ne sommes pas oblig\u00e9s de le faire ou de vous r\u00e9pondre directement.<\/p><p>Nous ne garantissons pas l&#8217;exactitude des informations figurant sur ce site web. Nous ne garantissons pas leur exhaustivit\u00e9 ou leur exactitude, et nous ne promettons pas non plus de garantir que le site web reste disponible ou que le mat\u00e9riel sur le site web est maintenu \u00e0 jour.<\/p><h4>Avis de non-responsabilit\u00e9 :<\/h4><p>Dans la mesure maximale autoris\u00e9e par la loi applicable, nous excluons toutes les repr\u00e9sentations, garanties et conditions relatives \u00e0 notre site web et \u00e0 l&#8217;utilisation de ce site web. Rien dans cette clause de non-responsabilit\u00e9 ne pourra :<\/p><ul><li>limiter ou exclure notre ou votre responsabilit\u00e9 en cas de d\u00e9c\u00e8s ou de dommages corporels ;<\/li><li>limiter ou exclure notre ou votre responsabilit\u00e9 en cas de fraude ou de fausse d\u00e9claration frauduleuse ;<\/li><li>limiter l&#8217;une de nos ou de vos responsabilit\u00e9s d&#8217;une mani\u00e8re qui n&#8217;est pas autoris\u00e9e par la loi applicable ; ou<\/li><li>exclure l&#8217;une de nos ou de vos responsabilit\u00e9s qui ne peuvent \u00eatre exclues en vertu de la loi applicable.<\/li><\/ul><p>Les limitations et interdictions de responsabilit\u00e9 fix\u00e9es dans cette section et ailleurs dans cette clause de non-responsabilit\u00e9 : (a) sont soumises au paragraphe pr\u00e9c\u00e9dent ; et (b) r\u00e9gissent toutes les responsabilit\u00e9s d\u00e9coulant de la clause de non-responsabilit\u00e9, y compris les responsabilit\u00e9s contractuelles, d\u00e9lictuelles et pour violation d&#8217;une obligation l\u00e9gale.<\/p><p>Tant que le site web et les informations et services du site web sont fournis gratuitement, nous ne serons pas responsables de toute perte ou dommage de quelque nature que ce soit.<\/p>\t\t\t\t\t\t<\/div>\n\t\t\t\t<\/div>\n\t\t\t\t\t<\/div>\n\t\t\t\t<\/div>\n\t\t<div class=\"elementor-element elementor-element-382a753 e-flex e-con-boxed e-con e-parent\" data-id=\"382a753\" data-element_type=\"container\" data-settings=\"{&quot;content_width&quot;:&quot;boxed&quot;}\" data-core-v316-plus=\"true\">\n\t\t\t\t\t<div class=\"e-con-inner\">\n\t\t\t\t<div class=\"elementor-element elementor-element-08742b2 elementor-widget elementor-widget-spacer\" data-id=\"08742b2\" data-element_type=\"widget\" data-widget_type=\"spacer.default\">\n\t\t\t\t<div class=\"elementor-widget-container\">\n\t\t\t<style>\/*! elementor - v3.19.0 - 28-02-2024 *\/\n.elementor-column .elementor-spacer-inner{height:var(--spacer-size)}.e-con{--container-widget-width:100%}.e-con-inner>.elementor-widget-spacer,.e-con>.elementor-widget-spacer{width:var(--container-widget-width,var(--spacer-size));--align-self:var(--container-widget-align-self,initial);--flex-shrink:0}.e-con-inner>.elementor-widget-spacer>.elementor-widget-container,.e-con>.elementor-widget-spacer>.elementor-widget-container{height:100%;width:100%}.e-con-inner>.elementor-widget-spacer>.elementor-widget-container>.elementor-spacer,.e-con>.elementor-widget-spacer>.elementor-widget-container>.elementor-spacer{height:100%}.e-con-inner>.elementor-widget-spacer>.elementor-widget-container>.elementor-spacer>.elementor-spacer-inner,.e-con>.elementor-widget-spacer>.elementor-widget-container>.elementor-spacer>.elementor-spacer-inner{height:var(--container-widget-height,var(--spacer-size))}.e-con-inner>.elementor-widget-spacer.elementor-widget-empty,.e-con>.elementor-widget-spacer.elementor-widget-empty{position:relative;min-height:22px;min-width:22px}.e-con-inner>.elementor-widget-spacer.elementor-widget-empty .elementor-widget-empty-icon,.e-con>.elementor-widget-spacer.elementor-widget-empty .elementor-widget-empty-icon{position:absolute;top:0;bottom:0;left:0;right:0;margin:auto;padding:0;width:22px;height:22px}<\/style>\t\t<div class=\"elementor-spacer\">\n\t\t\t<div class=\"elementor-spacer-inner\"><\/div>\n\t\t<\/div>\n\t\t\t\t<\/div>\n\t\t\t\t<\/div>\n\t\t\t\t\t<\/div>\n\t\t\t\t<\/div>\n\t\t\t\t<\/div>\n\t\t","protected":false},"excerpt":{"rendered":"<p>Termes et conditions g\u00e9n\u00e9rales Bienvenue sur aoneprinters.fr ! Les pr\u00e9sentes conditions g\u00e9n\u00e9rales d\u00e9crivent les r\u00e8gles et r\u00e8glements relatifs \u00e0 l&#8217;utilisation du site web de aoneprinters, situ\u00e9 \u00e0 l&#8217;adresse https:\/\/aoneprinters.fr\/. En acc\u00e9dant \u00e0 ce site web, nous supposons que vous acceptez ces conditions g\u00e9n\u00e9rales. Ne continuez pas \u00e0 utiliser aoneprinters.fr si vous n&#8217;acceptez pas de prendre [&hellip;]<\/p>\n","protected":false},"author":1,"featured_media":0,"parent":0,"menu_order":0,"comment_status":"closed","ping_status":"closed","template":"","meta":{"two_page_speed":[],"footnotes":""},"class_list":["post-12524","page","type-page","status-publish","hentry"],"_links":{"self":[{"href":"https:\/\/aoneprinters.fr\/index.php\/wp-json\/wp\/v2\/pages\/12524","targetHints":{"allow":["GET"]}}],"collection":[{"href":"https:\/\/aoneprinters.fr\/index.php\/wp-json\/wp\/v2\/pages"}],"about":[{"href":"https:\/\/aoneprinters.fr\/index.php\/wp-json\/wp\/v2\/types\/page"}],"author":[{"embeddable":true,"href":"https:\/\/aoneprinters.fr\/index.php\/wp-json\/wp\/v2\/users\/1"}],"replies":[{"embeddable":true,"href":"https:\/\/aoneprinters.fr\/index.php\/wp-json\/wp\/v2\/comments?post=12524"}],"version-history":[{"count":11,"href":"https:\/\/aoneprinters.fr\/index.php\/wp-json\/wp\/v2\/pages\/12524\/revisions"}],"predecessor-version":[{"id":12538,"href":"https:\/\/aoneprinters.fr\/index.php\/wp-json\/wp\/v2\/pages\/12524\/revisions\/12538"}],"wp:attachment":[{"href":"https:\/\/aoneprinters.fr\/index.php\/wp-json\/wp\/v2\/media?parent=12524"}],"curies":[{"name":"wp","href":"https:\/\/api.w.org\/{rel}","templated":true}]}}